{"id":779,"date":"2016-08-28T04:15:48","date_gmt":"2016-08-28T04:15:48","guid":{"rendered":"http:\/\/mrcelfix.com\/mrcelfix\/?page_id=779"},"modified":"2021-01-09T06:44:44","modified_gmt":"2021-01-09T06:44:44","slug":"others","status":"publish","type":"page","link":"http:\/\/mrcellfixrepair.com\/es\/others\/","title":{"rendered":"Otros"},"content":{"rendered":"<div id=\"pl-779\"  class=\"panel-layout\" ><div id=\"pg-779-0\"  class=\"panel-grid panel-no-style\" ><div id=\"pgc-779-0-0\"  class=\"panel-grid-cell\" ><div id=\"panel-779-0-0-0\" class=\"so-panel widget widget_black-studio-tinymce widget_black_studio_tinymce panel-first-child panel-last-child\" data-index=\"0\" ><div class=\"widget-title--big panel-widget-style panel-widget-style-for-779-0-0-0\" ><h3 class=\"widget-title\"><span class=\"widget-title__inline\">Otras Marcas<\/span><\/h3><div class=\"textwidget\"><\/div><\/div><\/div><\/div><\/div><div id=\"pg-779-1\"  class=\"panel-grid panel-no-style\" ><div id=\"pgc-779-1-0\"  class=\"panel-grid-cell\" ><div id=\"panel-779-1-0-0\" class=\"so-panel widget widget_black-studio-tinymce widget_black_studio_tinymce panel-first-child panel-last-child\" data-index=\"1\" ><div class=\"widget-title--big panel-widget-style panel-widget-style-for-779-1-0-0\" ><div class=\"textwidget\"><p>Trabajamos en muchas otras marcas. Si usted no ve su marca del dispositivo en la lista de servicios, por favor env\u00edenos un correo electr\u00f3nico o ll\u00e1menos. por favor, dar la mayor cantidad de detalles que pueda sobre el tema que usted tenga en su dispositivo. \u00a1Haremos nuestro mejor esfuerzo para conseguirlo arreglar!<\/p>\n<\/div><\/div><\/div><\/div><div id=\"pgc-779-1-1\"  class=\"panel-grid-cell\" ><div id=\"panel-779-1-1-0\" class=\"so-panel widget widget_black-studio-tinymce widget_black_studio_tinymce panel-first-child panel-last-child\" data-index=\"2\" ><div class=\"textwidget\"><p style=\"text-align: center;\"><a class=\"btn    btn-primary\" href=\"http:\/\/mrcellfixrepair.com\/mrcelfix\/contact-us\/\" target=\"_self\">CONT\u00c1CTENOS<\/a><\/p>\n<\/div><\/div><\/div><\/div><div id=\"pg-779-2\"  class=\"panel-grid panel-no-style\" ><div id=\"pgc-779-2-0\"  class=\"panel-grid-cell\" ><div id=\"panel-779-2-0-0\" class=\"so-panel widget widget_black-studio-tinymce widget_black_studio_tinymce panel-first-child\" data-index=\"3\" ><div class=\"textwidget\"><p><img class=\"aligncenter wp-image-1117 size-full\" src=\"http:\/\/mrcellfixrepair.com\/wp-content\/uploads\/2016\/08\/apple.jpg\" alt=\"apple\" width=\"350\" height=\"200\" \/><\/p>\n<\/div><\/div><div id=\"panel-779-2-0-1\" class=\"so-panel widget widget_black-studio-tinymce widget_black_studio_tinymce\" data-index=\"4\" ><div class=\"textwidget\"><p><img class=\"aligncenter wp-image-1122 size-full\" src=\"http:\/\/mrcellfixrepair.com\/wp-content\/uploads\/2016\/08\/kyocera.jpg\" alt=\"kyocera\" width=\"350\" height=\"200\" \/><\/p>\n<\/div><\/div><div id=\"panel-779-2-0-2\" class=\"so-panel widget widget_black-studio-tinymce widget_black_studio_tinymce panel-last-child\" data-index=\"5\" ><div class=\"textwidget\"><p><img class=\"aligncenter wp-image-1129 size-full\" src=\"http:\/\/mrcellfixrepair.com\/wp-content\/uploads\/2016\/08\/alcatel.jpg\" alt=\"alcatel\" width=\"350\" height=\"200\" \/><\/p>\n<\/div><\/div><\/div><div id=\"pgc-779-2-1\"  class=\"panel-grid-cell\" ><div id=\"panel-779-2-1-0\" class=\"so-panel widget widget_black-studio-tinymce widget_black_studio_tinymce panel-first-child\" data-index=\"6\" ><div class=\"textwidget\"><p><img class=\"aligncenter wp-image-1119 size-full\" src=\"http:\/\/mrcellfixrepair.com\/wp-content\/uploads\/2016\/08\/htc.jpg\" alt=\"htc\" width=\"350\" height=\"200\" \/><\/p>\n<\/div><\/div><div id=\"panel-779-2-1-1\" class=\"so-panel widget widget_black-studio-tinymce widget_black_studio_tinymce\" data-index=\"7\" ><div class=\"textwidget\"><p><img class=\"aligncenter wp-image-1124 size-full\" src=\"http:\/\/mrcellfixrepair.com\/wp-content\/uploads\/2016\/08\/lg.jpg\" alt=\"lg\" width=\"350\" height=\"200\" \/><\/p>\n<\/div><\/div><div id=\"panel-779-2-1-2\" class=\"so-panel widget widget_black-studio-tinymce widget_black_studio_tinymce panel-last-child\" data-index=\"8\" ><div class=\"textwidget\"><p><img class=\"aligncenter wp-image-1130 size-full\" src=\"http:\/\/mrcellfixrepair.com\/wp-content\/uploads\/2016\/08\/huawei.jpg\" alt=\"huawei\" width=\"350\" height=\"200\" \/><\/p>\n<\/div><\/div><\/div><div id=\"pgc-779-2-2\"  class=\"panel-grid-cell\" ><div id=\"panel-779-2-2-0\" class=\"so-panel widget widget_black-studio-tinymce widget_black_studio_tinymce panel-first-child\" data-index=\"9\" ><div class=\"textwidget\"><p><img class=\"aligncenter wp-image-1120 size-full\" src=\"http:\/\/mrcellfixrepair.com\/wp-content\/uploads\/2016\/08\/samsung.jpg\" alt=\"samsung\" width=\"350\" height=\"200\" \/><\/p>\n<\/div><\/div><div id=\"panel-779-2-2-1\" class=\"so-panel widget widget_black-studio-tinymce widget_black_studio_tinymce\" data-index=\"10\" ><div class=\"textwidget\"><p><img class=\"aligncenter wp-image-1125 size-full\" src=\"http:\/\/mrcellfixrepair.com\/wp-content\/uploads\/2016\/08\/motorola.jpg\" alt=\"motorola\" width=\"350\" height=\"200\" \/><\/p>\n<\/div><\/div><div id=\"panel-779-2-2-2\" class=\"so-panel widget widget_black-studio-tinymce widget_black_studio_tinymce panel-last-child\" data-index=\"11\" ><div class=\"textwidget\"><p><img class=\"aligncenter wp-image-1131 size-full\" src=\"http:\/\/mrcellfixrepair.com\/wp-content\/uploads\/2016\/08\/zte.jpg\" alt=\"zte\" width=\"350\" height=\"200\" \/><\/p>\n<\/div><\/div><\/div><div id=\"pgc-779-2-3\"  class=\"panel-grid-cell\" ><div id=\"panel-779-2-3-0\" class=\"so-panel widget widget_black-studio-tinymce widget_black_studio_tinymce panel-first-child\" data-index=\"12\" ><div class=\"textwidget\"><p><img class=\"aligncenter wp-image-1121 size-full\" src=\"http:\/\/mrcellfixrepair.com\/wp-content\/uploads\/2016\/08\/blackberry.jpg\" alt=\"blackberry\" width=\"350\" height=\"200\" \/><\/p>\n<\/div><\/div><div id=\"panel-779-2-3-1\" class=\"so-panel widget widget_black-studio-tinymce widget_black_studio_tinymce\" data-index=\"13\" ><div class=\"textwidget\"><p><img class=\"aligncenter wp-image-1127 size-full\" src=\"http:\/\/mrcellfixrepair.com\/wp-content\/uploads\/2016\/08\/nokia.jpg\" alt=\"nokia\" width=\"350\" height=\"200\" \/><\/p>\n<\/div><\/div><div id=\"panel-779-2-3-2\" class=\"so-panel widget widget_black-studio-tinymce widget_black_studio_tinymce panel-last-child\" data-index=\"14\" ><div class=\"textwidget\"><p><img class=\"aligncenter wp-image-1132 size-full\" src=\"http:\/\/mrcellfixrepair.com\/wp-content\/uploads\/2016\/08\/sony-erisson.jpg\" alt=\"sony-erisson\" width=\"350\" height=\"200\" \/><\/p>\n<\/div><\/div><\/div><\/div><\/div>","protected":false},"excerpt":{"rendered":"<p>Trabajamos en muchas otras marcas. Si usted no ve su marca del dispositivo en la lista de servicios, por favor env\u00edenos un correo electr\u00f3nico o ll\u00e1menos. por favor, dar la mayor cantidad de detalles que pueda sobre el tema que usted tenga en su dispositivo. \u00a1Haremos nuestro mejor esfuerzo para conseguirlo arreglar!<\/p>\n","protected":false},"author":1,"featured_media":0,"parent":0,"menu_order":0,"comment_status":"closed","ping_status":"closed","template":"","meta":[],"_links":{"self":[{"href":"http:\/\/mrcellfixrepair.com\/es\/wp-json\/wp\/v2\/pages\/779"}],"collection":[{"href":"http:\/\/mrcellfixrepair.com\/es\/wp-json\/wp\/v2\/pages"}],"about":[{"href":"http:\/\/mrcellfixrepair.com\/es\/wp-json\/wp\/v2\/types\/page"}],"author":[{"embeddable":true,"href":"http:\/\/mrcellfixrepair.com\/es\/wp-json\/wp\/v2\/users\/1"}],"replies":[{"embeddable":true,"href":"http:\/\/mrcellfixrepair.com\/es\/wp-json\/wp\/v2\/comments?post=779"}],"version-history":[{"count":23,"href":"http:\/\/mrcellfixrepair.com\/es\/wp-json\/wp\/v2\/pages\/779\/revisions"}],"predecessor-version":[{"id":2963,"href":"http:\/\/mrcellfixrepair.com\/es\/wp-json\/wp\/v2\/pages\/779\/revisions\/2963"}],"wp:attachment":[{"href":"http:\/\/mrcellfixrepair.com\/es\/wp-json\/wp\/v2\/media?parent=779"}],"curies":[{"name":"wp","href":"https:\/\/api.w.org\/{rel}","templated":true}]}}