{"id":736,"date":"2016-08-26T01:06:29","date_gmt":"2016-08-26T01:06:29","guid":{"rendered":"http:\/\/mrcelfix.com\/mrcelfix\/?page_id=736"},"modified":"2021-01-09T05:23:17","modified_gmt":"2021-01-09T05:23:17","slug":"about-us","status":"publish","type":"page","link":"http:\/\/mrcellfixrepair.com\/es\/about-us\/","title":{"rendered":"Nosotros"},"content":{"rendered":"<div id=\"pl-736\"  class=\"panel-layout\" ><div id=\"pg-736-0\"  class=\"panel-grid panel-no-style\" ><div id=\"pgc-736-0-0\"  class=\"panel-grid-cell\" ><div id=\"panel-736-0-0-0\" class=\"so-panel widget widget_black-studio-tinymce widget_black_studio_tinymce panel-first-child panel-last-child\" data-index=\"0\" ><div class=\"widget-title--big panel-widget-style panel-widget-style-for-736-0-0-0\" ><h3 class=\"widget-title\"><span class=\"widget-title__inline\">Nosotros<\/span><\/h3><div class=\"textwidget\"><\/div><\/div><\/div><\/div><\/div><div id=\"pg-736-1\"  class=\"panel-grid panel-no-style\" ><div id=\"pgc-736-1-0\"  class=\"panel-grid-cell\" ><div id=\"panel-736-1-0-0\" class=\"so-panel widget widget_black-studio-tinymce widget_black_studio_tinymce panel-first-child panel-last-child\" data-index=\"1\" ><div class=\"widget-title--big panel-widget-style panel-widget-style-for-736-1-0-0\" ><div class=\"textwidget\"><img class=\"aligncenter wp-image-1093 size-full\" src=\"http:\/\/mrcellfixrepair.com\/wp-content\/uploads\/2016\/08\/about.jpg\" alt=\"about\" width=\"848\" height=\"219\" \/>\n\nMr. Cell Fix fue fundada en 2012 con la apertura de su primera tienda en Dallas Texas, teniendo como objetivo proporcionar y satisfacer a los clientes con el mejor servicio al mejor precio.\n\nEl trabajo duro y definitivamente el trabajo en equipo fue la clave para una aceptaci\u00f3n inmediata en nuestra comunidad. Esto se ha reflejado en la preferencia de nuestros clientes.<\/div><\/div><\/div><\/div><div id=\"pgc-736-1-1\"  class=\"panel-grid-cell\" ><div id=\"panel-736-1-1-0\" class=\"so-panel widget widget_pw_accordion widget-accordion panel-first-child panel-last-child\" data-index=\"2\" >\n\n\t\t<h3 class=\"widget-title\"><span class=\"widget-title__inline\">MR. CELL FIX<\/span><\/h3>\n\t<div class=\"accordion panel-group\" id=\"accordion-widget-1-1-0\" role=\"tablist\" aria-multiselectable=\"true\">\n\t\t<div class=\"accordion__panel  panel  panel-default\">\n\t\t\t<div class=\"accordion__heading  panel-heading\" role=\"tab\" id=\"heading-widget-1-1-0-0\">\n\t\t\t\t<h4 class=\"panel-title\">\n\t\t\t\t\t<a class=\"collapsed\" role=\"button\" data-toggle=\"collapse\" data-parent=\"#accordion-widget-1-1-0\" href=\"#collapse-widget-1-1-0-0\" aria-expanded=\"false\" aria-controls=\"collapse-widget-1-1-0-0\">\n\t\t\t\t\t\tMISI\u00d3N\n\t\t\t\t\t<\/a>\n\t\t\t\t<\/h4>\n\t\t\t<\/div>\n\t\t\t<div id=\"collapse-widget-1-1-0-0\" class=\"accordion__content  panel-collapse  collapse\" role=\"tabpanel\" aria-labelledby=\"heading-widget-1-1-0-0\">\n\t\t\t\t<div class=\"panel-body\">\n\t\t\t\t\tServir a nuestra comunidad con una soluci\u00f3n completa a sus necesidades en el menor tiempo posible.\n\t\t\t\t<\/div>\n\t\t\t<\/div>\n\t\t<\/div>\n\t\t<div class=\"accordion__panel  panel  panel-default\">\n\t\t\t<div class=\"accordion__heading  panel-heading\" role=\"tab\" id=\"heading-widget-1-1-0-1\">\n\t\t\t\t<h4 class=\"panel-title\">\n\t\t\t\t\t<a class=\"collapsed\" role=\"button\" data-toggle=\"collapse\" data-parent=\"#accordion-widget-1-1-0\" href=\"#collapse-widget-1-1-0-1\" aria-expanded=\"false\" aria-controls=\"collapse-widget-1-1-0-1\">\n\t\t\t\t\t\tVISI\u00d3N\n\t\t\t\t\t<\/a>\n\t\t\t\t<\/h4>\n\t\t\t<\/div>\n\t\t\t<div id=\"collapse-widget-1-1-0-1\" class=\"accordion__content  panel-collapse  collapse\" role=\"tabpanel\" aria-labelledby=\"heading-widget-1-1-0-1\">\n\t\t\t\t<div class=\"panel-body\">\n\t\t\t\t\tEstablecernos como una empresa l\u00edder en todos los servicios relacionados con el mantenimiento y reparacion de tel\u00e9fonos, tabletas y otros dispositivos electr\u00f3nicos. La b\u00fasqueda constante de recursos para mantenernos a la vanguardia de la tecnolog\u00eda.\n\t\t\t\t<\/div>\n\t\t\t<\/div>\n\t\t<\/div>\n\t\t<div class=\"accordion__panel  panel  panel-default\">\n\t\t\t<div class=\"accordion__heading  panel-heading\" role=\"tab\" id=\"heading-widget-1-1-0-2\">\n\t\t\t\t<h4 class=\"panel-title\">\n\t\t\t\t\t<a class=\"collapsed\" role=\"button\" data-toggle=\"collapse\" data-parent=\"#accordion-widget-1-1-0\" href=\"#collapse-widget-1-1-0-2\" aria-expanded=\"false\" aria-controls=\"collapse-widget-1-1-0-2\">\n\t\t\t\t\t\tVALORES\n\t\t\t\t\t<\/a>\n\t\t\t\t<\/h4>\n\t\t\t<\/div>\n\t\t\t<div id=\"collapse-widget-1-1-0-2\" class=\"accordion__content  panel-collapse  collapse\" role=\"tabpanel\" aria-labelledby=\"heading-widget-1-1-0-2\">\n\t\t\t\t<div class=\"panel-body\">\n\t\t\t\t\t* Tener a nuestros clientes como una prioridad siempre dara como resultado a un cliente satisfecho.\n* El compromiso con nuestros clientes, para que la entrega de su dispositivo sea en el menor tiempo posible. \n* Hacer una diferencia en todo lo que hacemos, trabajar con disciplina y velocidad para la satisfacci\u00f3n de nuestros clientes. \n* Servir a nuestra gente continuamente, desafiarmos a nosotros mismos para alcanzar los m\u00e1s altos niveles de calidad en nuestros productos.\n\t\t\t\t<\/div>\n\t\t\t<\/div>\n\t\t<\/div>\n\t<\/div>\n\n<\/div><\/div><\/div><\/div>","protected":false},"excerpt":{"rendered":"<p>Mr. Cell Fix fue fundada en 2012 con la apertura de su primera tienda en Dallas Texas, teniendo como objetivo proporcionar y satisfacer a los clientes con el mejor servicio al mejor precio. El trabajo duro y definitivamente el trabajo en equipo fue la clave para una aceptaci\u00f3n inmediata en nuestra comunidad. Esto se ha &hellip;<\/p>\n","protected":false},"author":1,"featured_media":0,"parent":0,"menu_order":0,"comment_status":"closed","ping_status":"closed","template":"","meta":[],"_links":{"self":[{"href":"http:\/\/mrcellfixrepair.com\/es\/wp-json\/wp\/v2\/pages\/736"}],"collection":[{"href":"http:\/\/mrcellfixrepair.com\/es\/wp-json\/wp\/v2\/pages"}],"about":[{"href":"http:\/\/mrcellfixrepair.com\/es\/wp-json\/wp\/v2\/types\/page"}],"author":[{"embeddable":true,"href":"http:\/\/mrcellfixrepair.com\/es\/wp-json\/wp\/v2\/users\/1"}],"replies":[{"embeddable":true,"href":"http:\/\/mrcellfixrepair.com\/es\/wp-json\/wp\/v2\/comments?post=736"}],"version-history":[{"count":37,"href":"http:\/\/mrcellfixrepair.com\/es\/wp-json\/wp\/v2\/pages\/736\/revisions"}],"predecessor-version":[{"id":2939,"href":"http:\/\/mrcellfixrepair.com\/es\/wp-json\/wp\/v2\/pages\/736\/revisions\/2939"}],"wp:attachment":[{"href":"http:\/\/mrcellfixrepair.com\/es\/wp-json\/wp\/v2\/media?parent=736"}],"curies":[{"name":"wp","href":"https:\/\/api.w.org\/{rel}","templated":true}]}}