{"id":666,"date":"2016-08-20T20:10:11","date_gmt":"2016-08-20T20:10:11","guid":{"rendered":"http:\/\/mrcelfix.com\/mrcelfix\/?page_id=666"},"modified":"2025-09-10T21:52:45","modified_gmt":"2025-09-10T21:52:45","slug":"home-2","status":"publish","type":"page","link":"http:\/\/mrcellfixrepair.com\/es\/","title":{"rendered":"Inicio"},"content":{"rendered":"<div id=\"pl-666\"  class=\"panel-layout\" ><div id=\"pg-666-0\"  class=\"panel-grid panel-has-style\" ><div class=\"siteorigin-panels-stretch panel-row-style panel-row-style-for-666-0\" data-stretch-type=\"full\" ><div id=\"pgc-666-0-0\"  class=\"panel-grid-cell\" ><div id=\"panel-666-0-0-0\" class=\"so-panel widget widget_pw_icon_box widget-icon-box panel-first-child panel-last-child\" data-index=\"0\" >\n\n\t\t<div class=\"icon-box\">\n\n\t\t<i class=\"fa  fa-wrench\"><\/i>\n\t\t<h4 class=\"icon-box__title\">Reparar<\/h4>\n\t\t<span class=\"icon-box__subtitle\"><\/span>\n\n\t\t<\/div>\n\n<\/div><\/div><div id=\"pgc-666-0-1\"  class=\"panel-grid-cell\" ><div id=\"panel-666-0-1-0\" class=\"so-panel widget widget_pw_icon_box widget-icon-box panel-first-child panel-last-child\" data-index=\"1\" >\n\n\t\t<div class=\"icon-box\">\n\n\t\t<i class=\"fa  fa-money\"><\/i>\n\t\t<h4 class=\"icon-box__title\">Comprar<\/h4>\n\t\t<span class=\"icon-box__subtitle\"><\/span>\n\n\t\t<\/div>\n\n<\/div><\/div><div id=\"pgc-666-0-2\"  class=\"panel-grid-cell\" ><div id=\"panel-666-0-2-0\" class=\"so-panel widget widget_pw_icon_box widget-icon-box panel-first-child panel-last-child\" data-index=\"2\" >\n\n\t\t<div class=\"icon-box\">\n\n\t\t<i class=\"fa  fa-usd\"><\/i>\n\t\t<h4 class=\"icon-box__title\">Vender<\/h4>\n\t\t<span class=\"icon-box__subtitle\"><\/span>\n\n\t\t<\/div>\n\n<\/div><\/div><div id=\"pgc-666-0-3\"  class=\"panel-grid-cell\" ><div id=\"panel-666-0-3-0\" class=\"so-panel widget widget_pw_icon_box widget-icon-box panel-first-child panel-last-child\" data-index=\"3\" >\n\n\t\t<div class=\"icon-box\">\n\n\t\t<i class=\"fa  fa-refresh\"><\/i>\n\t\t<h4 class=\"icon-box__title\">Cambiar<\/h4>\n\t\t<span class=\"icon-box__subtitle\"><\/span>\n\n\t\t<\/div>\n\n<\/div><\/div><div id=\"pgc-666-0-4\"  class=\"panel-grid-cell\" ><div id=\"panel-666-0-4-0\" class=\"so-panel widget widget_pw_icon_box widget-icon-box panel-first-child panel-last-child\" data-index=\"4\" >\n\n\t\t<div class=\"icon-box\">\n\n\t\t<i class=\"fa  fa-unlock\"><\/i>\n\t\t<h4 class=\"icon-box__title\">Liberar<\/h4>\n\t\t<span class=\"icon-box__subtitle\"><\/span>\n\n\t\t<\/div>\n\n<\/div><\/div><div id=\"pgc-666-0-5\"  class=\"panel-grid-cell\" ><div id=\"panel-666-0-5-0\" class=\"so-panel widget widget_pw_icon_box widget-icon-box panel-first-child panel-last-child\" data-index=\"5\" >\n\n\t\t<div class=\"icon-box\">\n\n\t\t<i class=\"fa  fa-plug\"><\/i>\n\t\t<h4 class=\"icon-box__title\">Accesorios<\/h4>\n\t\t<span class=\"icon-box__subtitle\"><\/span>\n\n\t\t<\/div>\n\n<\/div><\/div><\/div><\/div><div id=\"pg-666-1\"  class=\"panel-grid panel-has-style\" ><div class=\"siteorigin-panels-stretch panel-row-style panel-row-style-for-666-1\" data-stretch-type=\"full\" ><div id=\"pgc-666-1-0\"  class=\"panel-grid-cell\" ><div id=\"panel-666-1-0-0\" class=\"so-panel widget widget_pw_steps widget-steps panel-first-child panel-last-child\" data-index=\"6\" >\n\n\t\t<h3 class=\"widget-title  steps__title\">UBICACI\u00d3N MR. CELL FIX<\/h3>\n\n\t<div class=\"steps\">\n\t<\/div>\n\n<\/div><\/div><\/div><\/div><div id=\"pg-666-2\"  class=\"panel-grid panel-has-style\" ><div class=\"siteorigin-panels-stretch panel-row-style panel-row-style-for-666-2\" data-stretch-type=\"full\" ><div id=\"pgc-666-2-0\"  class=\"panel-grid-cell\" ><div id=\"panel-666-2-0-0\" class=\"so-panel widget widget_black-studio-tinymce widget_black_studio_tinymce panel-first-child panel-last-child\" data-index=\"7\" ><div class=\"textwidget\"><p><iframe src=\"https:\/\/www.google.com\/maps\/embed?pb=!1m18!1m12!1m3!1d3350.1157459517162!2d-96.63256298481498!3d32.89510788093656!2m3!1f0!2f0!3f0!3m2!1i1024!2i768!4f13.1!3m3!1m2!1s0x864ea77b202b643b%3A0x1f34e9384448e53d!2sMr+Cell+Fix!5e0!3m2!1ses!2s!4v1473037316606\" width=\"100%\" height=\"345\" frameborder=\"0\" style=\"border:0\" allowfullscreen><\/iframe><\/p>\n<\/div><\/div><\/div><div id=\"pgc-666-2-1\"  class=\"panel-grid-cell\" ><div id=\"panel-666-2-1-0\" class=\"so-panel widget widget_black-studio-tinymce widget_black_studio_tinymce panel-first-child panel-last-child\" data-index=\"8\" ><div class=\"textwidget\"><div class=\"steps\">\n<div class=\"step\">\n<div class=\"step__title\">\n\t\t\t\t\t<i class=\"fa  fa-map-marker\"><\/i>GARLAND\n\t\t\t\t<\/div>\n<p class=\"step__content\">\n\t\t\t\t\t<a href=\"https:\/\/www.google.com\/maps\/place\/Mr+Cell+Fix\/@32.8951079,-96.632563,17z\/data=!4m13!1m7!3m6!1s0x864ea77b230342b5:0xeac513f81dd43043!2s1916+S+1st+St,+Garland,+TX+75040!3b1!8m2!3d32.8951079!4d-96.6303743!3m4!1s0x864ea77b202b643b:0x1f34e9384448e53d!8m2!3d32.895108!4d-96.630374\" target=\"_blank\">1916 S 1st Garland, TX 75040<\/a>\n<\/p>\n<div class=\"step__number\">\n\t\t\t\t\t1\n\t\t\t\t<\/div>\n<div class=\"step__title\">\n\t\t\t\t\t<i class=\"fa  fa-clock-o\"><\/i>Horarios\n\t\t\t\t<\/div>\n<p>Lunes a S\u00e1bado:<br \/>\n9:30 am - 7:00 pm<br \/>\nDomingo:<br \/>\n11:00 am - 5:00 pm\n\t\t\t<\/p><\/div>\n<\/div>\n<\/div><\/div><\/div><\/div><\/div><div id=\"pg-666-3\"  class=\"panel-grid panel-has-style\" ><div class=\"panel-row-style panel-row-style-for-666-3\" ><div id=\"pgc-666-3-0\"  class=\"panel-grid-cell\" ><div id=\"panel-666-3-0-0\" class=\"so-panel widget widget_pw_icon_menu widget-icon-menu panel-first-child panel-last-child\" data-index=\"9\" >\n\t\t\t<div class=\"icon-menu\">\n\n\t\t\t\t\t\t\t<a class=\"icon-menu__link\" href=\"http:\/\/mrcellfixrepair.com\/mrcelfix\/apple\/\" target=\"_blank\">\n\t\t\t\t\t<i class=\"fa  fa-apple\"><\/i> Reparaci\u00f3n de Apple\t\t\t\t<\/a>\n\t\t\t\n\t\t\t<\/div>\n\n\t\t\t<\/div><\/div><div id=\"pgc-666-3-1\"  class=\"panel-grid-cell\" ><div id=\"panel-666-3-1-0\" class=\"so-panel widget widget_pw_icon_menu widget-icon-menu panel-first-child panel-last-child\" data-index=\"10\" >\n\t\t\t<div class=\"icon-menu\">\n\n\t\t\t\t\t\t\t<a class=\"icon-menu__link\" href=\"http:\/\/mrcellfixrepair.com\/mrcelfix\/samsung\/\" target=\"_blank\">\n\t\t\t\t\t<i class=\"fa  fa-mobile\"><\/i> Reparaci\u00f3n de Samsung\t\t\t\t<\/a>\n\t\t\t\n\t\t\t<\/div>\n\n\t\t\t<\/div><\/div><div id=\"pgc-666-3-2\"  class=\"panel-grid-cell\" ><div id=\"panel-666-3-2-0\" class=\"so-panel widget widget_pw_icon_menu widget-icon-menu panel-first-child panel-last-child\" data-index=\"11\" >\n\t\t\t<div class=\"icon-menu\">\n\n\t\t\t\t\t\t\t<a class=\"icon-menu__link\" href=\"http:\/\/mrcellfixrepair.com\/mrcelfix\/lg\/\" target=\"_blank\">\n\t\t\t\t\t<i class=\"fa  fa-cogs\"><\/i> Reparaci\u00f3n de LG\t\t\t\t<\/a>\n\t\t\t\n\t\t\t<\/div>\n\n\t\t\t<\/div><\/div><\/div><\/div><div id=\"pg-666-4\"  class=\"panel-grid panel-has-style\" ><div class=\"siteorigin-panels-stretch panel-row-style panel-row-style-for-666-4\" data-stretch-type=\"full\" ><div id=\"pgc-666-4-0\"  class=\"panel-grid-cell\" ><div id=\"panel-666-4-0-0\" class=\"so-panel widget widget_pw_call_to_action widget-call-to-action panel-first-child panel-last-child\" data-index=\"12\" >\t\t\t\t<div class=\"call-to-action\">\n\t\t\t\t\t<div class=\"call-to-action__text\">\n\t\t\t\t\t\t<div class=\"call-to-action__title\">\n\t\t\t\t\t\t\t\u00bfQuieres vender tu dispositivo?\t\t\t\t\t\t<\/div>\n\t\t\t\t\t\t<div class=\"call-to-action__subtitle\">\n\t\t\t\t\t\t\t\t\t\t\t\t\t<\/div>\n\t\t\t\t\t<\/div>\n\t\t\t\t\t<div class=\"call-to-action__button\">\n\t\t\t\t\t\t<a class=\"btn    btn-info\" href=\"http:\/www.mrcelfix.com\/sell-my-device\" target=\"_self\">VENDER MI DISPOSITIVO<\/a>\t\t\t\t\t<\/div>\n\t\t\t\t<\/div>\n\t\t\t<\/div><\/div><\/div><\/div><div id=\"pg-666-5\"  class=\"panel-grid panel-has-style\" ><div class=\"siteorigin-panels-stretch panel-row-style panel-row-style-for-666-5\" data-stretch-type=\"full\" ><div id=\"pgc-666-5-0\"  class=\"panel-grid-cell\" ><div id=\"panel-666-5-0-0\" class=\"so-panel widget widget_pw_title_with_button widget-title-with-button panel-first-child panel-last-child\" data-index=\"13\" ><div class=\"widget-title--big panel-widget-style panel-widget-style-for-666-5-0-0\" >\t\t\t\t<div class=\"title-with-button\">\n\t\t\t\t\t<h3 class=\"widget-title\"><span class=\"widget-title__inline\">\u00daltimas noticias<\/span><\/h3>\t\t\t\t\t<a href=\"http:\/\/www.mrcellfixrepair.com\/mrcelfix\/latest-news\" target=\"_self\" class=\"btn  btn-primary  title-with-button__button\" title=\"M\u00c1S NOTICIAS\">M\u00c1S NOTICIAS<\/a>\n\t\t\t\t<\/div>\n\t\t\t<\/div><\/div><\/div><\/div><\/div><div id=\"pg-666-6\"  class=\"panel-grid panel-has-style\" ><div class=\"siteorigin-panels-stretch panel-row-style panel-row-style-for-666-6\" data-stretch-type=\"full\" ><div id=\"pgc-666-6-0\"  class=\"panel-grid-cell\" ><div id=\"panel-666-6-0-0\" class=\"so-panel widget widget_pw_latest_news widget-latest-news panel-first-child panel-last-child\" data-index=\"14\" >\n\n\t\t\t<a href=\"http:\/\/mrcellfixrepair.com\/es\/9-11\/\" class=\"latest-news  latest-news--block\">\n\t\t\t\t\t<div class=\"latest-news__image\">\n\t\t\t\t\t\t<img src=\"http:\/\/mrcellfixrepair.com\/wp-content\/uploads\/2025\/09\/911-1-360x204.png\" width=\"360\" height=\"204\" srcset=\"http:\/\/mrcellfixrepair.com\/wp-content\/uploads\/2025\/09\/911-1-360x204.png 360w, http:\/\/mrcellfixrepair.com\/wp-content\/uploads\/2025\/09\/911-1.png 850w\" sizes=\"(min-width: 781px) 360px, calc(100vw - 30px)\" class=\"wp-post-image\" alt=\"(English) 9\/11\">\n\t\t\t\t\t<\/div>\n\n\t\t\t\t<div class=\"latest-news__content\">\n\t\t\t\t\t<h4 class=\"latest-news__title\">(English) 9\/11<\/h4>\n\t\t\t\t\t<div class=\"latest-news__date\">September 11, 2025<\/div>\n\t\t\t\t<\/div>\n\t\t\t<\/a>\n\n\n<\/div><\/div><div id=\"pgc-666-6-1\"  class=\"panel-grid-cell\" ><div id=\"panel-666-6-1-0\" class=\"so-panel widget widget_pw_latest_news widget-latest-news panel-first-child panel-last-child\" data-index=\"15\" >\n\n\t\t\t<a href=\"http:\/\/mrcellfixrepair.com\/es\/iphone-11-pro-max-back-glass-repair\/\" class=\"latest-news  latest-news--block\">\n\t\t\t\t\t<div class=\"latest-news__image\">\n\t\t\t\t\t\t<img src=\"http:\/\/mrcellfixrepair.com\/wp-content\/uploads\/2025\/09\/11pm-360x204.png\" width=\"360\" height=\"204\" srcset=\"http:\/\/mrcellfixrepair.com\/wp-content\/uploads\/2025\/09\/11pm-360x204.png 360w, http:\/\/mrcellfixrepair.com\/wp-content\/uploads\/2025\/09\/11pm.png 850w\" sizes=\"(min-width: 781px) 360px, calc(100vw - 30px)\" class=\"wp-post-image\" alt=\"(English) Iphone 11 Pro Max Back Glass Repair\">\n\t\t\t\t\t<\/div>\n\n\t\t\t\t<div class=\"latest-news__content\">\n\t\t\t\t\t<h4 class=\"latest-news__title\">(English) Iphone 11 Pro Max Back Glass Repair<\/h4>\n\t\t\t\t\t<div class=\"latest-news__date\">September 11, 2025<\/div>\n\t\t\t\t<\/div>\n\t\t\t<\/a>\n\n\n<\/div><\/div><\/div><\/div><\/div>","protected":false},"excerpt":{"rendered":"<p>Reparar Comprar Vender Cambiar Liberar Accesorios UBICACI\u00d3N MR. CELL FIX GARLAND 1916 S 1st Garland, TX 75040 1 Horarios Lunes a S\u00e1bado: 9:30 am &#8211; 7:00 pm Domingo: 11:00 am &#8211; 5:00 pm Reparaci\u00f3n de Apple Reparaci\u00f3n de Samsung Reparaci\u00f3n de LG \u00bfQuieres vender tu dispositivo? VENDER MI DISPOSITIVO \u00daltimas noticias M\u00c1S NOTICIAS (English) 9\/11 &hellip;<\/p>\n","protected":false},"author":1,"featured_media":0,"parent":0,"menu_order":0,"comment_status":"closed","ping_status":"closed","template":"template-front-page-slider.php","meta":[],"_links":{"self":[{"href":"http:\/\/mrcellfixrepair.com\/es\/wp-json\/wp\/v2\/pages\/666"}],"collection":[{"href":"http:\/\/mrcellfixrepair.com\/es\/wp-json\/wp\/v2\/pages"}],"about":[{"href":"http:\/\/mrcellfixrepair.com\/es\/wp-json\/wp\/v2\/types\/page"}],"author":[{"embeddable":true,"href":"http:\/\/mrcellfixrepair.com\/es\/wp-json\/wp\/v2\/users\/1"}],"replies":[{"embeddable":true,"href":"http:\/\/mrcellfixrepair.com\/es\/wp-json\/wp\/v2\/comments?post=666"}],"version-history":[{"count":248,"href":"http:\/\/mrcellfixrepair.com\/es\/wp-json\/wp\/v2\/pages\/666\/revisions"}],"predecessor-version":[{"id":3047,"href":"http:\/\/mrcellfixrepair.com\/es\/wp-json\/wp\/v2\/pages\/666\/revisions\/3047"}],"wp:attachment":[{"href":"http:\/\/mrcellfixrepair.com\/es\/wp-json\/wp\/v2\/media?parent=666"}],"curies":[{"name":"wp","href":"https:\/\/api.w.org\/{rel}","templated":true}]}}