{"id":1430,"date":"2016-09-07T09:34:15","date_gmt":"2016-09-07T09:34:15","guid":{"rendered":"http:\/\/mrcelfix.com\/mrcelfix\/?page_id=1430"},"modified":"2016-09-07T09:34:15","modified_gmt":"2016-09-07T09:34:15","slug":"galaxy-s6","status":"publish","type":"page","link":"http:\/\/mrcellfixrepair.com\/es\/sell-my-device\/sell-my-samsung\/galaxy-s6\/","title":{"rendered":"Galaxy S6"},"content":{"rendered":"<div id=\"vfb-form-23\" class=\"visual-form-builder-container\"><form id=\"galaxy-s6-23\" class=\"visual-form-builder vfb-form-23  \" method=\"post\" enctype=\"multipart\/form-data\" action=\"\">\n\t\t<input type=\"hidden\" name=\"form_id\" value=\"23\" \/><fieldset class=\"vfb-fieldset vfb-fieldset-1 sell-my-galaxy-s6-form    \" id=\"item-vfb-294\"><div class=\"vfb-legend\"><h3>Formulario - Vender mi Galaxy S6<\/h3><\/div><ul class=\"vfb-section vfb-section-1\"><li class=\"vfb-item vfb-item-text   vfb-left-half  \" id=\"item-vfb-293\"><label for=\"vfb-293\" class=\"vfb-desc\">Nombre Completo <\/label><span class=\"vfb-span\"><input type=\"text\" name=\"vfb-293\" id=\"vfb-293\" value=\"\" class=\"vfb-text  vfb-medium    wpcf7-form-control-wrap your-name\" \/><label>Introduzca su Nombre y Apellido<\/label><\/span><\/li>\n<li class=\"vfb-item vfb-item-email   vfb-right-half  \" id=\"item-vfb-291\"><label for=\"vfb-291\" class=\"vfb-desc\">Correo electr\u00f3nico <\/label><span class=\"vfb-span\"><input type=\"email\" name=\"vfb-291\" id=\"vfb-291\" value=\"\" class=\"vfb-text  vfb-medium   email \" \/><label>Introduzca una direcci\u00f3n de correo electr\u00f3nico v\u00e1lida<\/label><\/span><\/li>\n<li class=\"vfb-item vfb-item-number   vfb-left-half  \" id=\"item-vfb-295\"><label for=\"vfb-295\" class=\"vfb-desc\">Tel\u00e9fono <\/label><span class=\"vfb-span\"><input type=\"text\" name=\"vfb-295\" id=\"vfb-295\" value=\"\" class=\"vfb-text  vfb-medium   digits \" \/><label>Introduzca n\u00famero telef\u00f3nico<\/label><\/span><\/li>\n<li class=\"vfb-item vfb-item-number   vfb-right-half  \" id=\"item-vfb-292\"><label for=\"vfb-292\" class=\"vfb-desc\">C\u00f3digo postal <\/label><span class=\"vfb-span\"><input type=\"text\" name=\"vfb-292\" id=\"vfb-292\" value=\"\" class=\"vfb-text  vfb-medium   digits \" \/><label>Introduzca c\u00f3digo postal<\/label><\/span><\/li>\n<li class=\"vfb-item vfb-item-number   vfb-left-half  \" id=\"item-vfb-296\"><label for=\"vfb-296\" class=\"vfb-desc\">IMEI <\/label><span class=\"vfb-span\"><input type=\"text\" name=\"vfb-296\" id=\"vfb-296\" value=\"\" class=\"vfb-text  vfb-medium   digits \" \/><label>Introduzca su IMEI<\/label><\/span><\/li>\n<li class=\"vfb-item vfb-item-radio  vfb-auto-column  vfb-left-half  \" id=\"item-vfb-289\"><label class=\"vfb-desc\">Color <\/label><div><span class=\"vfb-span\"><input type=\"radio\" name=\"vfb-289\" id=\"vfb-289-1\" value=\"Negro\" class=\"vfb-radio  \" \/><label for=\"vfb-289-1\" class=\"vfb-choice\">Negro<\/label><\/span><span class=\"vfb-span\"><input type=\"radio\" name=\"vfb-289\" id=\"vfb-289-2\" value=\"Oro\" class=\"vfb-radio  \" \/><label for=\"vfb-289-2\" class=\"vfb-choice\">Oro<\/label><\/span><span class=\"vfb-span\"><input type=\"radio\" name=\"vfb-289\" id=\"vfb-289-3\" value=\"Blanco\" class=\"vfb-radio  \" \/><label for=\"vfb-289-3\" class=\"vfb-choice\">Blanco<\/label><\/span><div style=\"clear:both\"><\/div><\/div><\/li>\n<li class=\"vfb-item vfb-item-select   vfb-right-half  \" id=\"item-vfb-297\"><label for=\"vfb-297\" class=\"vfb-desc\">Capacidad de memoria <\/label><select name=\"vfb-297\" id=\"vfb-297\" class=\"vfb-select  vfb-medium  \"><option value=\"32GB\">32GB<\/option><option value=\"64GB\">64GB<\/option><option value=\"128GB\">128GB<\/option><\/select><\/li>\n<li class=\"vfb-item vfb-item-select   vfb-left-half  \" id=\"item-vfb-288\"><label for=\"vfb-288\" class=\"vfb-desc\">Seleccione la compa\u00f1\u00eda <\/label><select name=\"vfb-288\" id=\"vfb-288\" class=\"vfb-select  vfb-medium  \"><option value=\"AT&amp;T\">AT&T<\/option><option value=\"Verizon\">Verizon<\/option><option value=\"Sprint\">Sprint<\/option><option value=\"T-Mobile\">T-Mobile<\/option><option value=\"Otras Redes\">Otras Redes<\/option><\/select><\/li>\n<li class=\"vfb-item vfb-item-select   vfb-right-half  \" id=\"item-vfb-290\"><label for=\"vfb-290\" class=\"vfb-desc\">Problema <\/label><select name=\"vfb-290\" id=\"vfb-290\" class=\"vfb-select  vfb-medium  \"><option value=\"Pantalla rota\">Pantalla rota<\/option><option value=\"Bater\u00eda defectuosa\">Bater\u00eda defectuosa<\/option><option value=\"Da\u00f1os por agua\">Da\u00f1os por agua<\/option><option value=\"No enciende\">No enciende<\/option><option value=\"Otro\">Otro<\/option><\/select><\/li>\n<\/ul>&nbsp;<\/fieldset><fieldset class=\"vfb-fieldset vfb-fieldset-2 verification  \" id=\"item-vfb-285\"><div class=\"vfb-legend\"><h3>Verificaci\u00f3n<\/h3><\/div><ul class=\"vfb-section vfb-section-2\"><li class=\"vfb-item vfb-item-secret\" ><label for=\"item-vfb-286\" class=\"vfb-desc\">Por favor, introduzca dos d\u00edgitos <span class=\"vfb-required-asterisk\">*<\/span><\/label><input type=\"hidden\" name=\"_vfb-secret\" value=\"vfb-286\" \/><span class=\"vfb-span\"><input type=\"text\" name=\"vfb-286\" id=\"item-vfb-286\" value=\"\" class=\"vfb-text  vfb-medium  required {digits:true,maxlength:2,minlength:2} \" \/><label>Ejemplo: 12<\/label><\/span><li style=\"display:none;\"><label>Esta caja es para protecci\u00f3n contra el spam - <strong>por favor d\u00e9jalo en blanco<\/strong><\/label><div><input name=\"vfb-spam\" \/><\/div><\/li><li class=\"vfb-item vfb-item-submit\" id=\"item-vfb-287\">\n\t\t\t\t\t<input type=\"submit\" name=\"vfb-submit\" id=\"vfb-287\" value=\"Enviar\" class=\"vfb-submit  btn btn-primary\" \/>\n\t\t\t\t\t<\/li><\/ul>\n\t\t &nbsp;\n\t\t <\/fieldset><input type=\"hidden\" name=\"_wp_http_referer\" value=\"\/es\/wp-json\/wp\/v2\/pages\/1430\" \/><\/form><\/div> <!-- .visual-form-builder-container -->","protected":false},"excerpt":{"rendered":"Formulario - Vender mi Galaxy S6Nombre Completo Introduzca su Nombre y Apellido Correo electr\u00f3nico Introduzca una direcci\u00f3n de correo electr\u00f3nico v\u00e1lida Tel\u00e9fono Introduzca n\u00famero telef\u00f3nico C\u00f3digo postal Introduzca c\u00f3digo postal IMEI Introduzca su IMEI Color NegroOroBlanco Capacidad de memoria 32GB64GB128GB Seleccione la compa\u00f1\u00eda AT&TVerizonSprintT-MobileOtras Redes Problema Pantalla rotaBater\u00eda defectuosaDa\u00f1os por aguaNo enciendeOtro &nbsp;Verificaci\u00f3nPor favor, introduzca &hellip;","protected":false},"author":1,"featured_media":0,"parent":1163,"menu_order":0,"comment_status":"closed","ping_status":"closed","template":"","meta":[],"_links":{"self":[{"href":"http:\/\/mrcellfixrepair.com\/es\/wp-json\/wp\/v2\/pages\/1430"}],"collection":[{"href":"http:\/\/mrcellfixrepair.com\/es\/wp-json\/wp\/v2\/pages"}],"about":[{"href":"http:\/\/mrcellfixrepair.com\/es\/wp-json\/wp\/v2\/types\/page"}],"author":[{"embeddable":true,"href":"http:\/\/mrcellfixrepair.com\/es\/wp-json\/wp\/v2\/users\/1"}],"replies":[{"embeddable":true,"href":"http:\/\/mrcellfixrepair.com\/es\/wp-json\/wp\/v2\/comments?post=1430"}],"version-history":[{"count":1,"href":"http:\/\/mrcellfixrepair.com\/es\/wp-json\/wp\/v2\/pages\/1430\/revisions"}],"predecessor-version":[{"id":1431,"href":"http:\/\/mrcellfixrepair.com\/es\/wp-json\/wp\/v2\/pages\/1430\/revisions\/1431"}],"up":[{"embeddable":true,"href":"http:\/\/mrcellfixrepair.com\/es\/wp-json\/wp\/v2\/pages\/1163"}],"wp:attachment":[{"href":"http:\/\/mrcellfixrepair.com\/es\/wp-json\/wp\/v2\/media?parent=1430"}],"curies":[{"name":"wp","href":"https:\/\/api.w.org\/{rel}","templated":true}]}}